{"id":148,"date":"2018-02-23T02:42:42","date_gmt":"2018-02-23T02:42:42","guid":{"rendered":"http:\/\/theme.ridianur.com\/hampoz\/?page_id=148"},"modified":"2021-02-03T02:11:28","modified_gmt":"2021-02-03T05:11:28","slug":"quem-somos","status":"publish","type":"page","link":"https:\/\/rcpeng.com.br\/index.php\/quem-somos\/","title":{"rendered":"Quem Somos"},"content":{"rendered":"\t\t<div data-elementor-type=\"wp-page\" data-elementor-id=\"148\" class=\"elementor elementor-148\" data-elementor-settings=\"[]\">\n\t\t\t\t\t\t<div class=\"elementor-inner\">\n\t\t\t\t\t\t\t<div class=\"elementor-section-wrap\">\n\t\t\t\t\t\t\t<section class=\"elementor-section elementor-top-section elementor-element elementor-element-77a9885e elementor-section-full_width elementor-section-height-default elementor-section-height-default\" data-id=\"77a9885e\" data-element_type=\"section\">\n\t\t\t\t\t\t<div class=\"elementor-container elementor-column-gap-extended\">\n\t\t\t\t\t\t\t<div class=\"elementor-row\">\n\t\t\t\t\t<div class=\"elementor-column elementor-col-100 elementor-top-column elementor-element elementor-element-29a0dbc2\" data-id=\"29a0dbc2\" data-element_type=\"column\">\n\t\t\t<div class=\"elementor-column-wrap elementor-element-populated\">\n\t\t\t\t\t\t\t<div class=\"elementor-widget-wrap\">\n\t\t\t\t\t\t<div class=\"elementor-element elementor-element-71512a36 elementor-widget elementor-widget-rdn-slider\" data-id=\"71512a36\" data-element_type=\"widget\" data-settings=\"{&quot;slider_speed&quot;:5000}\" data-widget_type=\"rdn-slider.default\">\n\t\t\t\t<div class=\"elementor-widget-container\">\n\t\t\t        \r\n        \r\n        <div class=\"slider home-slider  ani-slider  clearfix\" data-slick='{\"autoplaySpeed\": 5000}'>\r\n        \r\n\t\t\t                \r\n                <div class=\"item slide clearfix\">\r\n                \r\n                  <div class=\"slider-img-bg\" data-animation=\"puffIn\" data-delay=\"0.2s\" data-animation-duration=\"0.7s\"  \r\n                  style=\"background-image:url(http:\/\/rcpeng.com.br\/wp-content\/uploads\/2021\/01\/Fundo.jpg);\" ><\/div>\r\n                  \r\n                  <div class=\"slider-mask\" data-animation=\"slideUpReturn\" data-delay=\"0.1s\"><\/div>\r\n                  \r\n                  <div class=\"caption-box clearfix\">\r\n                      \r\n                      <div class=\"slider-box container-fluid\">\r\n                      <div class=\"slider-content\">\r\n                      \r\n                      \t                            \r\n                          <div class=\"slider-hidden\">\r\n                              <h3 class=\"slider-title\" data-animation=\"fadeInUp\" data-delay=\"0.8s\">Quem <br \/> Somos<\/h3>\r\n                          <\/div><!--\/.slider-hidden-->\r\n                          \r\n                                                    <div class=\"slider-line\"  data-animation=\"swashIn\" data-delay=\"0.5s\"><\/div>\r\n                                                    \r\n                                                    \r\n                                                        \r\n                      <\/div><!--\/.slider-content-->\r\n                  <\/div><!--\/.slider-box-->\r\n                  \r\n                     \r\n                      \r\n                  <\/div><!--\/.caption-box-->\r\n                <\/div><!--\/.slide-->\r\n\t\t\t\t\r\n\t\t\t\t\t\t<\/div>\r\n\t\t\r\n\t\t\r\n\t\t\t\t<\/div>\n\t\t\t\t<\/div>\n\t\t\t\t\t\t<\/div>\n\t\t\t\t\t<\/div>\n\t\t<\/div>\n\t\t\t\t\t\t\t\t<\/div>\n\t\t\t\t\t<\/div>\n\t\t<\/section>\n\t\t\t\t<section class=\"elementor-section elementor-top-section elementor-element elementor-element-1b0402ef elementor-section-boxed elementor-section-height-default elementor-section-height-default\" data-id=\"1b0402ef\" data-element_type=\"section\" data-settings=\"{&quot;background_background&quot;:&quot;classic&quot;,&quot;shape_divider_top&quot;:&quot;curve&quot;}\">\n\t\t\t\t\t<div class=\"elementor-shape elementor-shape-top\" data-negative=\"false\">\n\t\t\t<svg xmlns=\"http:\/\/www.w3.org\/2000\/svg\" viewBox=\"0 0 1000 100\" preserveAspectRatio=\"none\">\n    <path class=\"elementor-shape-fill\" d=\"M1000,4.3V0H0v4.3C0.9,23.1,126.7,99.2,500,100S1000,22.7,1000,4.3z\"\/>\n<\/svg>\t\t<\/div>\n\t\t\t\t\t<div class=\"elementor-container elementor-column-gap-wider\">\n\t\t\t\t\t\t\t<div class=\"elementor-row\">\n\t\t\t\t\t<div class=\"elementor-column elementor-col-33 elementor-top-column elementor-element elementor-element-468b343a elementor-invisible\" data-id=\"468b343a\" data-element_type=\"column\" data-settings=\"{&quot;background_background&quot;:&quot;classic&quot;,&quot;animation&quot;:&quot;fadeIn&quot;,&quot;animation_delay&quot;:200}\">\n\t\t\t<div class=\"elementor-column-wrap elementor-element-populated\">\n\t\t\t\t\t\t\t<div class=\"elementor-widget-wrap\">\n\t\t\t\t\t\t<div class=\"elementor-element elementor-element-24179fb4 elementor-widget elementor-widget-text-editor\" data-id=\"24179fb4\" data-element_type=\"widget\" data-widget_type=\"text-editor.default\">\n\t\t\t\t<div class=\"elementor-widget-container\">\n\t\t\t\t\t<div class=\"elementor-text-editor elementor-clearfix\"><p class=\"MsoNormal\" style=\"mso-margin-top-alt: auto; mso-margin-bottom-alt: auto; line-height: normal;\"><span style=\"font-size: 10.5pt; font-family: 'Verdana',sans-serif; mso-fareast-font-family: 'Times New Roman'; mso-bidi-font-family: 'Times New Roman'; color: #333333; mso-fareast-language: PT-BR;\">A RCP engenharia foi criada para construir de maneira limpa, organizada e segura.\u00a0<\/span><\/p><p>Iniciou suas atividades em 2016 e possui um quadro t\u00e9cnico especializado com mais de 15 anos de experi\u00eancia. Com o esp\u00edrito de crescer e aprender sempre, todos os seus profissionais s\u00e3o estimulados ao crescimento contante e atualiza\u00e7\u00e3o diante das novas tecnologias.<\/p><p>Oferecer o que existe de melhor em engenharia \u00e9 o objetivo de toda a empresa RCP.<\/p><\/div>\n\t\t\t\t<\/div>\n\t\t\t\t<\/div>\n\t\t\t\t\t\t<\/div>\n\t\t\t\t\t<\/div>\n\t\t<\/div>\n\t\t\t\t<div class=\"elementor-column elementor-col-33 elementor-top-column elementor-element elementor-element-44269473 elementor-invisible\" data-id=\"44269473\" data-element_type=\"column\" data-settings=\"{&quot;animation&quot;:&quot;fadeIn&quot;,&quot;animation_delay&quot;:400}\">\n\t\t\t<div class=\"elementor-column-wrap elementor-element-populated\">\n\t\t\t\t\t\t\t<div class=\"elementor-widget-wrap\">\n\t\t\t\t\t\t<div class=\"elementor-element elementor-element-864b317 elementor-widget elementor-widget-hampoz-texticon\" data-id=\"864b317\" data-element_type=\"widget\" data-widget_type=\"hampoz-texticon.default\">\n\t\t\t\t<div class=\"elementor-widget-container\">\n\t\t\t\t\t\r\n\t\t<div class=\"box-with-icon\">\r\n\t\t  <i class=\"hampoz-icon fa fa fa-check-circle\"><\/i>\r\n\t\t  <h3 class=\"icon-title\">Miss\u00e3o<\/h3>\r\n\t\t  \r\n\t\t  \t\t  <p class=\"box-sub-title icon-subtitle\">Entregar Sonhos<\/p>\r\n\t\t            \r\n\t\t  <div class=\"icon-text\"><p>Engenharia de alto padr\u00e3o com pre\u00e7os, prazos e transpar\u00eancia m\u00e1xima para cada empreendimento.<\/p><\/div>\r\n\t\t  \r\n\t\t  \r\n\t\t  \r\n\t\t  \t\t  \r\n          \r\n\t  <\/div><!--\/.box-small-icon-->\r\n\t\t\r\n\t\t\r\n\t\t\r\n\t\t\t<\/div>\n\t\t\t\t<\/div>\n\t\t\t\t<div class=\"elementor-element elementor-element-072150d elementor-widget elementor-widget-hampoz-texticon\" data-id=\"072150d\" data-element_type=\"widget\" data-widget_type=\"hampoz-texticon.default\">\n\t\t\t\t<div class=\"elementor-widget-container\">\n\t\t\t\t\t\r\n\t\t<div class=\"box-with-icon\">\r\n\t\t  <i class=\"hampoz-icon fa fa fa-check-circle\"><\/i>\r\n\t\t  <h3 class=\"icon-title\">Vis\u00e3o<\/h3>\r\n\t\t  \r\n\t\t  \t\t  <p class=\"box-sub-title icon-subtitle\">Trazer inova\u00e7\u00e3o a cada servi\u00e7o<\/p>\r\n\t\t            \r\n\t\t  <div class=\"icon-text\"><p>Ser a construtora de maior qualidade construtiva do Centro-Oeste.<\/p><\/div>\r\n\t\t  \r\n\t\t  \r\n\t\t  \r\n\t\t  \t\t  \r\n          \r\n\t  <\/div><!--\/.box-small-icon-->\r\n\t\t\r\n\t\t\r\n\t\t\r\n\t\t\t<\/div>\n\t\t\t\t<\/div>\n\t\t\t\t\t\t<\/div>\n\t\t\t\t\t<\/div>\n\t\t<\/div>\n\t\t\t\t<div class=\"elementor-column elementor-col-33 elementor-top-column elementor-element elementor-element-7e74c1c9 elementor-invisible\" data-id=\"7e74c1c9\" data-element_type=\"column\" data-settings=\"{&quot;animation&quot;:&quot;fadeIn&quot;,&quot;animation_delay&quot;:600}\">\n\t\t\t<div class=\"elementor-column-wrap elementor-element-populated\">\n\t\t\t\t\t\t\t<div class=\"elementor-widget-wrap\">\n\t\t\t\t\t\t<div class=\"elementor-element elementor-element-f375339 elementor-widget elementor-widget-hampoz-texticon\" data-id=\"f375339\" data-element_type=\"widget\" data-widget_type=\"hampoz-texticon.default\">\n\t\t\t\t<div class=\"elementor-widget-container\">\n\t\t\t\t\t\r\n\t\t<div class=\"box-with-icon\">\r\n\t\t  <i class=\"hampoz-icon fa fa fa-check\"><\/i>\r\n\t\t  <h3 class=\"icon-title\">Valores<\/h3>\r\n\t\t  \r\n\t\t  \t\t  <p class=\"box-sub-title icon-subtitle\">.<\/p>\r\n\t\t            \r\n\t\t  <div class=\"icon-text\"><ul><li>\u00c9tica;<\/li><li>Inova\u00e7\u00e3o;<\/li><li>Clareza<\/li><li>Planejamento;<\/li><li>Proximidade com o cliente;<\/li><li>Qualidade;<\/li><li>Respeito;<\/li><li>Responsabilidade;<\/li><li>Transpar\u00eancia;<\/li><\/ul><\/div>\r\n\t\t  \r\n\t\t  \r\n\t\t  \r\n\t\t  \t\t  \r\n          \r\n\t  <\/div><!--\/.box-small-icon-->\r\n\t\t\r\n\t\t\r\n\t\t\r\n\t\t\t<\/div>\n\t\t\t\t<\/div>\n\t\t\t\t\t\t<\/div>\n\t\t\t\t\t<\/div>\n\t\t<\/div>\n\t\t\t\t\t\t\t\t<\/div>\n\t\t\t\t\t<\/div>\n\t\t<\/section>\n\t\t\t\t<section class=\"elementor-section elementor-top-section elementor-element elementor-element-656ea047 elementor-section-content-middle elementor-section-boxed elementor-section-height-default elementor-section-height-default\" data-id=\"656ea047\" data-element_type=\"section\" data-settings=\"{&quot;background_background&quot;:&quot;classic&quot;,&quot;shape_divider_top&quot;:&quot;pyramids&quot;}\">\n\t\t\t\t\t<div class=\"elementor-shape elementor-shape-top\" data-negative=\"false\">\n\t\t\t<svg xmlns=\"http:\/\/www.w3.org\/2000\/svg\" viewBox=\"0 0 1000 100\" preserveAspectRatio=\"none\">\n\t<path class=\"elementor-shape-fill\" d=\"M761.9,44.1L643.1,27.2L333.8,98L0,3.8V0l1000,0v3.9\"\/>\n<\/svg>\t\t<\/div>\n\t\t\t\t\t<div class=\"elementor-container elementor-column-gap-wider\">\n\t\t\t\t\t\t\t<div class=\"elementor-row\">\n\t\t\t\t\t<div class=\"elementor-column elementor-col-50 elementor-top-column elementor-element elementor-element-3dc1a5f5\" data-id=\"3dc1a5f5\" data-element_type=\"column\">\n\t\t\t<div class=\"elementor-column-wrap elementor-element-populated\">\n\t\t\t\t\t\t\t<div class=\"elementor-widget-wrap\">\n\t\t\t\t\t\t<div class=\"elementor-element elementor-element-578f79cd elementor-invisible elementor-widget elementor-widget-hampoz-title\" data-id=\"578f79cd\" data-element_type=\"widget\" data-settings=\"{&quot;_animation&quot;:&quot;fadeInDown&quot;}\" data-widget_type=\"hampoz-title.default\">\n\t\t\t\t<div class=\"elementor-widget-container\">\n\t\t\t<h2 class=\"content-title\">n\u00f3s tiramos o seu<br> projeto do papel<\/h2>\t\t<\/div>\n\t\t\t\t<\/div>\n\t\t\t\t<div class=\"elementor-element elementor-element-191169 elementor-widget-divider--view-line elementor-invisible elementor-widget elementor-widget-divider\" data-id=\"191169\" data-element_type=\"widget\" data-settings=\"{&quot;_animation&quot;:&quot;zoomIn&quot;,&quot;_animation_delay&quot;:400}\" data-widget_type=\"divider.default\">\n\t\t\t\t<div class=\"elementor-widget-container\">\n\t\t\t\t\t<div class=\"elementor-divider\">\n\t\t\t<span class=\"elementor-divider-separator\">\n\t\t\t\t\t\t<\/span>\n\t\t<\/div>\n\t\t\t\t<\/div>\n\t\t\t\t<\/div>\n\t\t\t\t<div class=\"elementor-element elementor-element-6f26371e elementor-invisible elementor-widget elementor-widget-text-editor\" data-id=\"6f26371e\" data-element_type=\"widget\" data-settings=\"{&quot;_animation&quot;:&quot;fadeInUp&quot;,&quot;_animation_delay&quot;:200}\" data-widget_type=\"text-editor.default\">\n\t\t\t\t<div class=\"elementor-widget-container\">\n\t\t\t\t\t<div class=\"elementor-text-editor elementor-clearfix\"><p><strong>A etapa de projeto \u00e9 de extrema import\u00e2ncia, pois \u00e9 quando o cliente ir\u00e1 colocar seu sonho no papel para torna-lo realidade. \u00c9 levando em considera\u00e7\u00e3o a realiza\u00e7\u00e3o desse sonho que buscamos trazer projetos revisados e compatibilizados, para assim serem evitados contratempos e gastos desnecess\u00e1rios durante os processos de obra.<\/strong><\/p><\/div>\n\t\t\t\t<\/div>\n\t\t\t\t<\/div>\n\t\t\t\t\t\t<\/div>\n\t\t\t\t\t<\/div>\n\t\t<\/div>\n\t\t\t\t<div class=\"elementor-column elementor-col-50 elementor-top-column elementor-element elementor-element-487c8428\" data-id=\"487c8428\" data-element_type=\"column\">\n\t\t\t<div class=\"elementor-column-wrap elementor-element-populated\">\n\t\t\t\t\t\t\t<div class=\"elementor-widget-wrap\">\n\t\t\t\t\t\t<div class=\"elementor-element elementor-element-1ce7d9cc elementor-align-right elementor-tablet-align-center elementor-invisible elementor-widget elementor-widget-button\" data-id=\"1ce7d9cc\" data-element_type=\"widget\" data-settings=\"{&quot;_animation&quot;:&quot;fadeInUp&quot;,&quot;_animation_delay&quot;:600}\" data-widget_type=\"button.default\">\n\t\t\t\t<div class=\"elementor-widget-container\">\n\t\t\t\t\t<div class=\"elementor-button-wrapper\">\n\t\t\t<a href=\"https:\/\/rcpeng.com.br\/index.php\/contato\/\" class=\"elementor-button-link elementor-button elementor-size-sm elementor-animation-hang\" role=\"button\">\n\t\t\t\t\t\t<span class=\"elementor-button-content-wrapper\">\n\t\t\t\t\t\t<span class=\"elementor-button-text\">contate-nos<\/span>\n\t\t<\/span>\n\t\t\t\t\t<\/a>\n\t\t<\/div>\n\t\t\t\t<\/div>\n\t\t\t\t<\/div>\n\t\t\t\t\t\t<\/div>\n\t\t\t\t\t<\/div>\n\t\t<\/div>\n\t\t\t\t\t\t\t\t<\/div>\n\t\t\t\t\t<\/div>\n\t\t<\/section>\n\t\t\t\t\t\t<\/div>\n\t\t\t\t\t\t<\/div>\n\t\t\t\t\t<\/div>\n\t\t","protected":false},"excerpt":{"rendered":"<p>Quem Somos A RCP engenharia foi criada para construir de maneira limpa, organizada e segura.\u00a0 Iniciou suas atividades em 2016 e possui um quadro t\u00e9cnico especializado com mais de 15 anos de experi\u00eancia. Com o esp\u00edrito de crescer e aprender sempre, todos os seus profissionais s\u00e3o estimulados ao crescimento contante e atualiza\u00e7\u00e3o diante das novas tecnologias. Oferecer o que existe &hellip;<\/p>\n","protected":false},"author":1,"featured_media":0,"parent":0,"menu_order":0,"comment_status":"closed","ping_status":"closed","template":"blank-builder.php","meta":[],"_links":{"self":[{"href":"https:\/\/rcpeng.com.br\/index.php\/wp-json\/wp\/v2\/pages\/148"}],"collection":[{"href":"https:\/\/rcpeng.com.br\/index.php\/wp-json\/wp\/v2\/pages"}],"about":[{"href":"https:\/\/rcpeng.com.br\/index.php\/wp-json\/wp\/v2\/types\/page"}],"author":[{"embeddable":true,"href":"https:\/\/rcpeng.com.br\/index.php\/wp-json\/wp\/v2\/users\/1"}],"replies":[{"embeddable":true,"href":"https:\/\/rcpeng.com.br\/index.php\/wp-json\/wp\/v2\/comments?post=148"}],"version-history":[{"count":17,"href":"https:\/\/rcpeng.com.br\/index.php\/wp-json\/wp\/v2\/pages\/148\/revisions"}],"predecessor-version":[{"id":1653,"href":"https:\/\/rcpeng.com.br\/index.php\/wp-json\/wp\/v2\/pages\/148\/revisions\/1653"}],"wp:attachment":[{"href":"https:\/\/rcpeng.com.br\/index.php\/wp-json\/wp\/v2\/media?parent=148"}],"curies":[{"name":"wp","href":"https:\/\/api.w.org\/{rel}","templated":true}]}}