{"id":185,"date":"2018-02-23T03:33:03","date_gmt":"2018-02-23T03:33:03","guid":{"rendered":"http:\/\/theme.ridianur.com\/hampoz\/?page_id=185"},"modified":"2021-02-11T19:41:38","modified_gmt":"2021-02-11T22:41:38","slug":"nossos-servicos","status":"publish","type":"page","link":"https:\/\/rcpeng.com.br\/index.php\/nossos-servicos\/","title":{"rendered":"Nossos Servi\u00e7os"},"content":{"rendered":"\t\t<div data-elementor-type=\"wp-page\" data-elementor-id=\"185\" class=\"elementor elementor-185\" data-elementor-settings=\"[]\">\n\t\t\t\t\t\t<div class=\"elementor-inner\">\n\t\t\t\t\t\t\t<div class=\"elementor-section-wrap\">\n\t\t\t\t\t\t\t<section class=\"elementor-section elementor-top-section elementor-element elementor-element-05231f0 elementor-section-full_width elementor-section-height-default elementor-section-height-default\" data-id=\"05231f0\" data-element_type=\"section\">\n\t\t\t\t\t\t<div class=\"elementor-container elementor-column-gap-default\">\n\t\t\t\t\t\t\t<div class=\"elementor-row\">\n\t\t\t\t\t<div class=\"elementor-column elementor-col-100 elementor-top-column elementor-element elementor-element-573142c\" data-id=\"573142c\" data-element_type=\"column\">\n\t\t\t<div class=\"elementor-column-wrap elementor-element-populated\">\n\t\t\t\t\t\t\t<div class=\"elementor-widget-wrap\">\n\t\t\t\t\t\t<div class=\"elementor-element elementor-element-6b26afa elementor-widget elementor-widget-rdn-slider\" data-id=\"6b26afa\" data-element_type=\"widget\" data-settings=\"{&quot;slider_speed&quot;:5000}\" data-widget_type=\"rdn-slider.default\">\n\t\t\t\t<div class=\"elementor-widget-container\">\n\t\t\t        \r\n        \r\n        <div class=\"slider home-slider  ani-slider  clearfix\" data-slick='{\"autoplaySpeed\": 5000}'>\r\n        \r\n\t\t\t                \r\n                <div class=\"item slide clearfix\">\r\n                \r\n                  <div class=\"slider-img-bg\" data-animation=\"puffIn\" data-delay=\"0.2s\" data-animation-duration=\"0.7s\"  \r\n                  style=\"background-image:url(http:\/\/rcpeng.com.br\/wp-content\/uploads\/2021\/01\/Fundo.jpg);\" ><\/div>\r\n                  \r\n                  <div class=\"slider-mask\" data-animation=\"slideUpReturn\" data-delay=\"0.1s\"><\/div>\r\n                  \r\n                  <div class=\"caption-box clearfix\">\r\n                      \r\n                      <div class=\"slider-box container-fluid\">\r\n                      <div class=\"slider-content\">\r\n                      \r\n                      \t                            \r\n                          <div class=\"slider-hidden\">\r\n                              <h3 class=\"slider-title\" data-animation=\"fadeInUp\" data-delay=\"0.8s\">NOSSOS SERVI\u00c7OS<\/h3>\r\n                          <\/div><!--\/.slider-hidden-->\r\n                          \r\n                                                    <div class=\"slider-line\"  data-animation=\"swashIn\" data-delay=\"0.5s\"><\/div>\r\n                                                    \r\n                                                    \r\n                                                        \r\n                      <\/div><!--\/.slider-content-->\r\n                  <\/div><!--\/.slider-box-->\r\n                  \r\n                     \r\n                      \r\n                  <\/div><!--\/.caption-box-->\r\n                <\/div><!--\/.slide-->\r\n\t\t\t\t\r\n\t\t\t\t\t\t<\/div>\r\n\t\t\r\n\t\t\r\n\t\t\t\t<\/div>\n\t\t\t\t<\/div>\n\t\t\t\t\t\t<\/div>\n\t\t\t\t\t<\/div>\n\t\t<\/div>\n\t\t\t\t\t\t\t\t<\/div>\n\t\t\t\t\t<\/div>\n\t\t<\/section>\n\t\t\t\t<section class=\"elementor-section elementor-top-section elementor-element elementor-element-e4383eb elementor-section-boxed elementor-section-height-default elementor-section-height-default\" data-id=\"e4383eb\" data-element_type=\"section\">\n\t\t\t\t\t\t<div class=\"elementor-container elementor-column-gap-wider\">\n\t\t\t\t\t\t\t<div class=\"elementor-row\">\n\t\t\t\t\t<div class=\"elementor-column elementor-col-100 elementor-top-column elementor-element elementor-element-31e7946\" data-id=\"31e7946\" data-element_type=\"column\">\n\t\t\t<div class=\"elementor-column-wrap elementor-element-populated\">\n\t\t\t\t\t\t\t<div class=\"elementor-widget-wrap\">\n\t\t\t\t\t\t<div class=\"elementor-element elementor-element-63a3c3f elementor-widget elementor-widget-toggle\" data-id=\"63a3c3f\" data-element_type=\"widget\" data-widget_type=\"toggle.default\">\n\t\t\t\t<div class=\"elementor-widget-container\">\n\t\t\t\t\t<div class=\"elementor-toggle\" role=\"tablist\">\n\t\t\t\t\t\t\t<div class=\"elementor-toggle-item\">\n\t\t\t\t\t<div id=\"elementor-tab-title-1041\" class=\"elementor-tab-title\" data-tab=\"1\" role=\"tab\" aria-controls=\"elementor-tab-content-1041\">\n\t\t\t\t\t\t\t\t\t\t\t\t<span class=\"elementor-toggle-icon elementor-toggle-icon-left\" aria-hidden=\"true\">\n\t\t\t\t\t\t\t\t\t\t\t\t\t\t\t<span class=\"elementor-toggle-icon-closed\"><i class=\"far fa-check-square\"><\/i><\/span>\n\t\t\t\t\t\t\t\t<span class=\"elementor-toggle-icon-opened\"><i class=\"elementor-toggle-icon-opened fas fa-caret-up\"><\/i><\/span>\n\t\t\t\t\t\t\t\t\t\t\t\t\t<\/span>\n\t\t\t\t\t\t\t\t\t\t\t\t<a href=\"\" class=\"elementor-toggle-title\">Aprova\u00e7\u00e3o e Elabora\u00e7\u00e3o de Projetos;  <\/a>\n\t\t\t\t\t<\/div>\n\t\t\t\t\t<div id=\"elementor-tab-content-1041\" class=\"elementor-tab-content elementor-clearfix\" data-tab=\"1\" role=\"tabpanel\" aria-labelledby=\"elementor-tab-title-1041\"><p><span style=\"color: #000000;\">Temos um corpo t\u00e9cnico preparado para aprovar e fornecer os projetos necess\u00e1rios a sua obra:<\/span><\/p><ul><li><span style=\"color: #000000;\">Arquitet\u00f4nico<\/span><\/li><li><span style=\"color: #000000;\">Estrutural e funda\u00e7\u00e3o;<\/span><\/li><li><span style=\"color: #000000;\">Instala\u00e7\u00f5es (hidrosanit\u00e1rio, el\u00e9trico-telef\u00f4nico, ar-condicionado, inc\u00eandio)<\/span><\/li><li><span style=\"color: #000000;\">Impermeabiliza\u00e7\u00e3o<\/span><\/li><li><span style=\"color: #000000;\">Fachadas<\/span><br \/><br \/><\/li><\/ul><p><span style=\"color: #000000;\">Nosso objetivo \u00e9 viabilizar as necessidades de nossos clientes, em busca de sua comodidade e satisfa\u00e7\u00e3o.<\/span><\/p><p>\u00a0<\/p><\/div>\n\t\t\t\t<\/div>\n\t\t\t\t\t\t\t<div class=\"elementor-toggle-item\">\n\t\t\t\t\t<div id=\"elementor-tab-title-1042\" class=\"elementor-tab-title\" data-tab=\"2\" role=\"tab\" aria-controls=\"elementor-tab-content-1042\">\n\t\t\t\t\t\t\t\t\t\t\t\t<span class=\"elementor-toggle-icon elementor-toggle-icon-left\" aria-hidden=\"true\">\n\t\t\t\t\t\t\t\t\t\t\t\t\t\t\t<span class=\"elementor-toggle-icon-closed\"><i class=\"far fa-check-square\"><\/i><\/span>\n\t\t\t\t\t\t\t\t<span class=\"elementor-toggle-icon-opened\"><i class=\"elementor-toggle-icon-opened fas fa-caret-up\"><\/i><\/span>\n\t\t\t\t\t\t\t\t\t\t\t\t\t<\/span>\n\t\t\t\t\t\t\t\t\t\t\t\t<a href=\"\" class=\"elementor-toggle-title\">Assist\u00eancia e Consultoria T\u00e9cnica<\/a>\n\t\t\t\t\t<\/div>\n\t\t\t\t\t<div id=\"elementor-tab-content-1042\" class=\"elementor-tab-content elementor-clearfix\" data-tab=\"2\" role=\"tabpanel\" aria-labelledby=\"elementor-tab-title-1042\"><p>\u00a0<\/p><p align=\"justify\"><span style=\"color: #000000;\">A RCP fornece o servi\u00e7o de assist\u00eancia t\u00e9cnica \u00e0queles que se encontram com dificuldades para realizar manuten\u00e7\u00f5es em seu im\u00f3vel, ou que encontraram problemas construtivos, mas n\u00e3o sabem como resolver ou ainda vai construir, mas precisa de orienta\u00e7\u00f5es quanto ao que fazer.<\/span><\/p><p>\u00a0<\/p><\/div>\n\t\t\t\t<\/div>\n\t\t\t\t\t\t\t<div class=\"elementor-toggle-item\">\n\t\t\t\t\t<div id=\"elementor-tab-title-1043\" class=\"elementor-tab-title\" data-tab=\"3\" role=\"tab\" aria-controls=\"elementor-tab-content-1043\">\n\t\t\t\t\t\t\t\t\t\t\t\t<span class=\"elementor-toggle-icon elementor-toggle-icon-left\" aria-hidden=\"true\">\n\t\t\t\t\t\t\t\t\t\t\t\t\t\t\t<span class=\"elementor-toggle-icon-closed\"><i class=\"far fa-check-square\"><\/i><\/span>\n\t\t\t\t\t\t\t\t<span class=\"elementor-toggle-icon-opened\"><i class=\"elementor-toggle-icon-opened fas fa-caret-up\"><\/i><\/span>\n\t\t\t\t\t\t\t\t\t\t\t\t\t<\/span>\n\t\t\t\t\t\t\t\t\t\t\t\t<a href=\"\" class=\"elementor-toggle-title\">Consultoria no recebimento de im\u00f3veis <\/a>\n\t\t\t\t\t<\/div>\n\t\t\t\t\t<div id=\"elementor-tab-content-1043\" class=\"elementor-tab-content elementor-clearfix\" data-tab=\"3\" role=\"tabpanel\" aria-labelledby=\"elementor-tab-title-1043\"><p>\u00a0<\/p><p align=\"justify\"><span style=\"color: #000000;\">Avaliamos as condi\u00e7\u00f5es de entrega de im\u00f3veis e empreendimentos de acordo com os projetos e contratos realizados. Trabalhamos com relat\u00f3rios dentro dos par\u00e2metros legais, temos dentro de nossa equipe t\u00e9cnica, engenheiros quanto advogados que assessoram todas as quest\u00f5es legais para os clientes.\u00a0<\/span><\/p><\/div>\n\t\t\t\t<\/div>\n\t\t\t\t\t\t\t<div class=\"elementor-toggle-item\">\n\t\t\t\t\t<div id=\"elementor-tab-title-1044\" class=\"elementor-tab-title\" data-tab=\"4\" role=\"tab\" aria-controls=\"elementor-tab-content-1044\">\n\t\t\t\t\t\t\t\t\t\t\t\t<span class=\"elementor-toggle-icon elementor-toggle-icon-left\" aria-hidden=\"true\">\n\t\t\t\t\t\t\t\t\t\t\t\t\t\t\t<span class=\"elementor-toggle-icon-closed\"><i class=\"far fa-check-square\"><\/i><\/span>\n\t\t\t\t\t\t\t\t<span class=\"elementor-toggle-icon-opened\"><i class=\"elementor-toggle-icon-opened fas fa-caret-up\"><\/i><\/span>\n\t\t\t\t\t\t\t\t\t\t\t\t\t<\/span>\n\t\t\t\t\t\t\t\t\t\t\t\t<a href=\"\" class=\"elementor-toggle-title\">Gerenciamento e Execu\u00e7\u00e3o de Obras <\/a>\n\t\t\t\t\t<\/div>\n\t\t\t\t\t<div id=\"elementor-tab-content-1044\" class=\"elementor-tab-content elementor-clearfix\" data-tab=\"4\" role=\"tabpanel\" aria-labelledby=\"elementor-tab-title-1044\"><p align=\"justify\"><span style=\"color: #000000;\">Constru\u00edmos e organizamos toda a sua obra. Trabalhamos de maneira transparente, nossos clientes possuem acesso aos cronogramas de obra e \u00e0s planilhas or\u00e7ament\u00e1rias.<\/span><\/p>\n<p align=\"justify\">\n<span style=\"color: #000000;\">Semanalmente enviamos relat\u00f3rios fotogr\u00e1ficos dos servi\u00e7os realizados para que nossos clientes possam ter conhecimento do andamento de seu empreendimento. Com equipe pr\u00f3pria, profissionais qualificados e especializados, realizamos desde a funda\u00e7\u00e3o e estrutura (seja ela em concreto armado ou met\u00e1lica) at\u00e9 a parte de acabamento e instala\u00e7\u00f5es finais.<\/span><\/P>\n\n<span style=\"color: #000000;\"><p align=\"justify\">Trabalhamos tanto com empreitada global como por administra\u00e7\u00e3o de obra. Escolha o seu melhor formato e tenha sua edifica\u00e7\u00e3o realizada por uma empresa que lhe fornecer\u00e1 garantia construtiva, manual do propriet\u00e1rio e o que h\u00e1 de melhor em atendimento e cordialidade. Todas as nossas obras possuem seguran\u00e7a monitorada por c\u00e2meras, onde os nossos clientes t\u00eam livre acesso ao sistema de monitoramento.<\/span><\/P>\n\n\n\n<span style=\"color: #000000;\"><p align=\"justify\">Empreitada global: ap\u00f3s os projetos prontos, efetivamos um or\u00e7amento completo de toda sua constru\u00e7\u00e3o, com todas as etapas e custas que possam envolver a realiza\u00e7\u00e3o completa do planejado. Apresentamos a proposta final, com todos os detalhes or\u00e7ament\u00e1rios e prazos envolvidos na concretiza\u00e7\u00e3o do empreendimento. Nesta modalidade o cliente ter\u00e1 acesso aos relat\u00f3rios mensais e sua preocupa\u00e7\u00e3o ser\u00e1 na realiza\u00e7\u00e3o dos pagamentos previstos no contrato, A RCP ter\u00e1 responsabilidade de realizar tudo como acordado com a maior transpar\u00eancia e efic\u00e1cia.<\/p><\/span>\n\n\n\n<span style=\"color: #000000;\"><p align=\"justify\">Administra\u00e7\u00e3o de obra: ap\u00f3s os projetos finalizados, elaboramos um cronograma de obra e uma planilha or\u00e7ament\u00e1ria, englobando todas as etapas da obra, com servi\u00e7os de engenharia e materiais. Nesta modalidade a RCP e sua equipe realizar\u00e1 todos os<servi\u00e7os e repassar\u00e1 ao cliente todos os materiais necess\u00e1rios de acordo com cada etapa a ser efetivada. O cliente ter\u00e1 que se organizar em realizar os pagamentos dos servi\u00e7os prestados e em efetivar as compras dos materiais dentro das datas solicitadas<\/span>\n<span style=\"color: #000000;\">pelo setor de compra da RCP, pedidos estes enviados com anteced\u00eancia para uma melhor negocia\u00e7\u00e3o e tranquilidade na compra.<\/p><\/span><\/div>\n\t\t\t\t<\/div>\n\t\t\t\t\t\t\t<div class=\"elementor-toggle-item\">\n\t\t\t\t\t<div id=\"elementor-tab-title-1045\" class=\"elementor-tab-title\" data-tab=\"5\" role=\"tab\" aria-controls=\"elementor-tab-content-1045\">\n\t\t\t\t\t\t\t\t\t\t\t\t<span class=\"elementor-toggle-icon elementor-toggle-icon-left\" aria-hidden=\"true\">\n\t\t\t\t\t\t\t\t\t\t\t\t\t\t\t<span class=\"elementor-toggle-icon-closed\"><i class=\"far fa-check-square\"><\/i><\/span>\n\t\t\t\t\t\t\t\t<span class=\"elementor-toggle-icon-opened\"><i class=\"elementor-toggle-icon-opened fas fa-caret-up\"><\/i><\/span>\n\t\t\t\t\t\t\t\t\t\t\t\t\t<\/span>\n\t\t\t\t\t\t\t\t\t\t\t\t<a href=\"\" class=\"elementor-toggle-title\">Laudos T\u00e9cnicos <\/a>\n\t\t\t\t\t<\/div>\n\t\t\t\t\t<div id=\"elementor-tab-content-1045\" class=\"elementor-tab-content elementor-clearfix\" data-tab=\"5\" role=\"tabpanel\" aria-labelledby=\"elementor-tab-title-1045\"><span style=\"color: #000000;\"><p align=\"justify\">Assim como n\u00f3s, nossos im\u00f3veis precisam fazer checkups e com isso verificar se ser\u00e3o necess\u00e1rias manuten\u00e7\u00f5es.<\/span><\/p>\n\n<span style=\"color: #000000;\"><p align=\"justify\">O laudo t\u00e9cnico \u00e9 um documento redigido por profissional habilitado ap\u00f3s avalia\u00e7\u00e3o ou investiga\u00e7\u00e3o de uma situa\u00e7\u00e3o, sempre proporcionando o real contexto de cada circunst\u00e2ncia apresentada pelo cliente.<\/P><\/span>\n\n<span style=\"color: #000000;\"><p align=\"justify\">Os laudos t\u00e9cnicos s\u00e3o importantes para manter a qualidade e sa\u00fade de uma edifica\u00e7\u00e3o, indicando poss\u00edveis patologias que possam est\u00e1 ocorrendo, mas que s\u00f3 um profissional da \u00e1rea \u00e9 capaz de identificar a exist\u00eancia, o tipo e o grau de risco para a edifica\u00e7\u00e3o.<\/p><\/span>\n\n<span style=\"color: #000000;\"><p align=\"justify\">Realize com a RCP os laudos de seus empreendimentos, nossa equipe t\u00e9cnica tem qualifica\u00e7\u00e3o e os instrumentos necess\u00e1rios para oferecer o mais eficaz e seguro.<\/p><\/span><\/div>\n\t\t\t\t<\/div>\n\t\t\t\t\t\t\t<div class=\"elementor-toggle-item\">\n\t\t\t\t\t<div id=\"elementor-tab-title-1046\" class=\"elementor-tab-title\" data-tab=\"6\" role=\"tab\" aria-controls=\"elementor-tab-content-1046\">\n\t\t\t\t\t\t\t\t\t\t\t\t<span class=\"elementor-toggle-icon elementor-toggle-icon-left\" aria-hidden=\"true\">\n\t\t\t\t\t\t\t\t\t\t\t\t\t\t\t<span class=\"elementor-toggle-icon-closed\"><i class=\"far fa-check-square\"><\/i><\/span>\n\t\t\t\t\t\t\t\t<span class=\"elementor-toggle-icon-opened\"><i class=\"elementor-toggle-icon-opened fas fa-caret-up\"><\/i><\/span>\n\t\t\t\t\t\t\t\t\t\t\t\t\t<\/span>\n\t\t\t\t\t\t\t\t\t\t\t\t<a href=\"\" class=\"elementor-toggle-title\">Or\u00e7amento e Planejamento de Obras:<\/a>\n\t\t\t\t\t<\/div>\n\t\t\t\t\t<div id=\"elementor-tab-content-1046\" class=\"elementor-tab-content elementor-clearfix\" data-tab=\"6\" role=\"tabpanel\" aria-labelledby=\"elementor-tab-title-1046\"><p><span style=\"color: #000000;\">Elaboramos or\u00e7amentos e planejamentos da sua obra. Nossa equipe t\u00e9cnica realiza o melhor estudo e an\u00e1lise do seu projeto, dentro do que ele realmente precisa, com pre\u00e7os atualizados no praticado com os materiais e com a capacidade de produ\u00e7\u00e3o mapeada para cada \u00e1rea que seu projeto necessitar\u00e1.\u00a0<\/span><\/p><p><span style=\"color: #000000;\">Toda obra necessita de um planejamento s\u00e9rio e adequado \u00e0s suas caracter\u00edsticas descritas nos projetos, inicie sua constru\u00e7\u00e3o com tudo mapeado e tenha uma obra mais saud\u00e1vel e sustent\u00e1vel.<\/span><\/p><\/div>\n\t\t\t\t<\/div>\n\t\t\t\t\t<\/div>\n\t\t\t\t<\/div>\n\t\t\t\t<\/div>\n\t\t\t\t\t\t<\/div>\n\t\t\t\t\t<\/div>\n\t\t<\/div>\n\t\t\t\t\t\t\t\t<\/div>\n\t\t\t\t\t<\/div>\n\t\t<\/section>\n\t\t\t\t\t\t<\/div>\n\t\t\t\t\t\t<\/div>\n\t\t\t\t\t<\/div>\n\t\t","protected":false},"excerpt":{"rendered":"<p>NOSSOS SERVI\u00c7OS Aprova\u00e7\u00e3o e Elabora\u00e7\u00e3o de Projetos; Temos um corpo t\u00e9cnico preparado para aprovar e fornecer os projetos necess\u00e1rios a sua obra: Arquitet\u00f4nico Estrutural e funda\u00e7\u00e3o; Instala\u00e7\u00f5es (hidrosanit\u00e1rio, el\u00e9trico-telef\u00f4nico, ar-condicionado, inc\u00eandio) Impermeabiliza\u00e7\u00e3o Fachadas Nosso objetivo \u00e9 viabilizar as necessidades de nossos clientes, em busca de sua comodidade e satisfa\u00e7\u00e3o. \u00a0 Assist\u00eancia e Consultoria T\u00e9cnica \u00a0 A RCP fornece o servi\u00e7o &hellip;<\/p>\n","protected":false},"author":1,"featured_media":0,"parent":0,"menu_order":0,"comment_status":"closed","ping_status":"closed","template":"blank-builder.php","meta":[],"_links":{"self":[{"href":"https:\/\/rcpeng.com.br\/index.php\/wp-json\/wp\/v2\/pages\/185"}],"collection":[{"href":"https:\/\/rcpeng.com.br\/index.php\/wp-json\/wp\/v2\/pages"}],"about":[{"href":"https:\/\/rcpeng.com.br\/index.php\/wp-json\/wp\/v2\/types\/page"}],"author":[{"embeddable":true,"href":"https:\/\/rcpeng.com.br\/index.php\/wp-json\/wp\/v2\/users\/1"}],"replies":[{"embeddable":true,"href":"https:\/\/rcpeng.com.br\/index.php\/wp-json\/wp\/v2\/comments?post=185"}],"version-history":[{"count":46,"href":"https:\/\/rcpeng.com.br\/index.php\/wp-json\/wp\/v2\/pages\/185\/revisions"}],"predecessor-version":[{"id":1706,"href":"https:\/\/rcpeng.com.br\/index.php\/wp-json\/wp\/v2\/pages\/185\/revisions\/1706"}],"wp:attachment":[{"href":"https:\/\/rcpeng.com.br\/index.php\/wp-json\/wp\/v2\/media?parent=185"}],"curies":[{"name":"wp","href":"https:\/\/api.w.org\/{rel}","templated":true}]}}