{"id":657,"date":"2018-02-26T01:21:39","date_gmt":"2018-02-26T01:21:39","guid":{"rendered":"http:\/\/theme.ridianur.com\/hampoz\/?page_id=657"},"modified":"2020-12-23T13:11:58","modified_gmt":"2020-12-23T16:11:58","slug":"blog-slider","status":"publish","type":"page","link":"https:\/\/rcpeng.com.br\/index.php\/blog-slider\/","title":{"rendered":"Blog Slider"},"content":{"rendered":"\t\t<div data-elementor-type=\"wp-page\" data-elementor-id=\"657\" class=\"elementor elementor-657\" data-elementor-settings=\"[]\">\n\t\t\t\t\t\t<div class=\"elementor-inner\">\n\t\t\t\t\t\t\t<div class=\"elementor-section-wrap\">\n\t\t\t\t\t\t\t<section class=\"elementor-section elementor-top-section elementor-element elementor-element-0f75226 elementor-section-boxed elementor-section-height-default elementor-section-height-default\" data-id=\"0f75226\" data-element_type=\"section\">\n\t\t\t\t\t\t<div class=\"elementor-container elementor-column-gap-default\">\n\t\t\t\t\t\t\t<div class=\"elementor-row\">\n\t\t\t\t\t<div class=\"elementor-column elementor-col-100 elementor-top-column elementor-element elementor-element-54c805c\" data-id=\"54c805c\" data-element_type=\"column\">\n\t\t\t<div class=\"elementor-column-wrap elementor-element-populated\">\n\t\t\t\t\t\t\t<div class=\"elementor-widget-wrap\">\n\t\t\t\t\t\t<div class=\"elementor-element elementor-element-f45d5f5 elementor-widget elementor-widget-spacer\" data-id=\"f45d5f5\" data-element_type=\"widget\" data-widget_type=\"spacer.default\">\n\t\t\t\t<div class=\"elementor-widget-container\">\n\t\t\t\t\t<div class=\"elementor-spacer\">\n\t\t\t<div class=\"elementor-spacer-inner\"><\/div>\n\t\t<\/div>\n\t\t\t\t<\/div>\n\t\t\t\t<\/div>\n\t\t\t\t\t\t<\/div>\n\t\t\t\t\t<\/div>\n\t\t<\/div>\n\t\t\t\t\t\t\t\t<\/div>\n\t\t\t\t\t<\/div>\n\t\t<\/section>\n\t\t\t\t<section class=\"elementor-section elementor-top-section elementor-element elementor-element-fabced9 elementor-section-boxed elementor-section-height-default elementor-section-height-default\" data-id=\"fabced9\" data-element_type=\"section\">\n\t\t\t\t\t\t<div class=\"elementor-container elementor-column-gap-wider\">\n\t\t\t\t\t\t\t<div class=\"elementor-row\">\n\t\t\t\t\t<div class=\"elementor-column elementor-col-100 elementor-top-column elementor-element elementor-element-ddfd954\" data-id=\"ddfd954\" data-element_type=\"column\">\n\t\t\t<div class=\"elementor-column-wrap elementor-element-populated\">\n\t\t\t\t\t\t\t<div class=\"elementor-widget-wrap\">\n\t\t\t\t\t\t<div class=\"elementor-element elementor-element-bb83dde elementor-widget elementor-widget-hampoz-post-slider\" data-id=\"bb83dde\" data-element_type=\"widget\" data-settings=\"{&quot;show_desktop&quot;:3,&quot;slider_speed&quot;:5000,&quot;show_tablet&quot;:2,&quot;show_mobile&quot;:1}\" data-widget_type=\"hampoz-post-slider.default\">\n\t\t\t\t<div class=\"elementor-widget-container\">\n\t\t\t        \t\t\t<div class=\"post-slider slider blog-post-list clearfix\" \r\n                    data-slide=\"3\" data-slide-tablet=\"2\"\r\n                    data-slide-mobile=\"1\"\r\n                    data-slick='{\"autoplaySpeed\": 5000}'>\r\n                         \r\n                        <div class=\"slide\">\r\n                        \r\n                        \t<div class=\"blog-col-inner\">\r\n                            \r\n                            \t                                 <a class=\"blog-link-img blog-with-box blog-imgbg\" href=\"https:\/\/rcpeng.com.br\/index.php\/2020\/12\/23\/como-escolher-lampadas-corretamente\/\" style=\"background-image:url(https:\/\/rcpeng.com.br\/wp-content\/uploads\/2020\/12\/lampadas-halogenas.jpg)\">\r\n                                 \r\n                                                                  <div class=\"blogmask\"><\/div>\r\n                                     <div class=\"hampoz-blog-box\">\r\n                                         <div class=\"hampoz-blog-inner\">\r\n                                             <h3>Como escolher l\u00e2mpadas corretamente<\/h3>\r\n                                             \r\n                                             \r\n                                            \r\n                                                                                        \r\n                                                                                                <div class=\"box-cat-post\">\r\n                                                        Sem categoria                                                    <\/div>\r\n                                                                                    <\/div>\r\n                                    <\/div>\r\n                                \r\n                                <\/a>\r\n                                \r\n                            <\/div>   \r\n                        <\/div>\r\n                        \r\n                         \r\n                        <div class=\"slide\">\r\n                        \r\n                        \t<div class=\"blog-col-inner\">\r\n                            \r\n                            \t                                 <a class=\"blog-link-img blog-with-box blog-imgbg\" href=\"https:\/\/rcpeng.com.br\/index.php\/2020\/12\/23\/paineis-pre-moldados\/\" style=\"background-image:url(https:\/\/rcpeng.com.br\/wp-content\/uploads\/2020\/12\/Paineis_Fachada_Betao_-_2.jpg)\">\r\n                                 \r\n                                                                  <div class=\"blogmask\"><\/div>\r\n                                     <div class=\"hampoz-blog-box\">\r\n                                         <div class=\"hampoz-blog-inner\">\r\n                                             <h3>Pain\u00e9is Pr\u00e9 Moldados<\/h3>\r\n                                             \r\n                                             \r\n                                            \r\n                                                                                        \r\n                                                                                                <div class=\"box-cat-post\">\r\n                                                        Sem categoria                                                    <\/div>\r\n                                                                                    <\/div>\r\n                                    <\/div>\r\n                                \r\n                                <\/a>\r\n                                \r\n                            <\/div>   \r\n                        <\/div>\r\n                        \r\n                         \r\n                        <div class=\"slide\">\r\n                        \r\n                        \t<div class=\"blog-col-inner\">\r\n                            \r\n                            \t                                 <a class=\"blog-link-img blog-with-box blog-imgbg\" href=\"https:\/\/rcpeng.com.br\/index.php\/2020\/12\/23\/qual-e-a-melhor-altura-para-tomadas\/\" style=\"background-image:url(https:\/\/rcpeng.com.br\/wp-content\/uploads\/2020\/12\/tomadas-de-10e-20a.jpg)\">\r\n                                 \r\n                                                                  <div class=\"blogmask\"><\/div>\r\n                                     <div class=\"hampoz-blog-box\">\r\n                                         <div class=\"hampoz-blog-inner\">\r\n                                             <h3>Qual \u00e9 a melhor altura para tomadas?<\/h3>\r\n                                             \r\n                                             \r\n                                            \r\n                                                                                        \r\n                                                                                                <div class=\"box-cat-post\">\r\n                                                        Sem categoria                                                    <\/div>\r\n                                                                                    <\/div>\r\n                                    <\/div>\r\n                                \r\n                                <\/a>\r\n                                \r\n                            <\/div>   \r\n                        <\/div>\r\n                        \r\n                                           <\/div> \r\n                   \r\n                   \t\t<\/div>\n\t\t\t\t<\/div>\n\t\t\t\t\t\t<\/div>\n\t\t\t\t\t<\/div>\n\t\t<\/div>\n\t\t\t\t\t\t\t\t<\/div>\n\t\t\t\t\t<\/div>\n\t\t<\/section>\n\t\t\t\t<section class=\"elementor-section elementor-top-section elementor-element elementor-element-f639efa elementor-section-boxed elementor-section-height-default elementor-section-height-default\" data-id=\"f639efa\" data-element_type=\"section\">\n\t\t\t\t\t\t<div class=\"elementor-container elementor-column-gap-wider\">\n\t\t\t\t\t\t\t<div class=\"elementor-row\">\n\t\t\t\t\t<div class=\"elementor-column elementor-col-100 elementor-top-column elementor-element elementor-element-da15e03\" data-id=\"da15e03\" data-element_type=\"column\">\n\t\t\t<div class=\"elementor-column-wrap elementor-element-populated\">\n\t\t\t\t\t\t\t<div class=\"elementor-widget-wrap\">\n\t\t\t\t\t\t<div class=\"elementor-element elementor-element-5c8c649 elementor-widget elementor-widget-hampoz-post\" data-id=\"5c8c649\" data-element_type=\"widget\" data-widget_type=\"hampoz-post.default\">\n\t\t\t\t<div class=\"elementor-widget-container\">\n\t\t\t        \t\t\t<div class=\"blog-post-list row clearfix blog-body\">\r\n                         \r\n                        <div class=\"col-md-6\">\r\n                        \t<div class=\"blog-col-inner\">\r\n\t\t\t\t\t\t\t\t                                <a class=\"blog-link-img\" href=\"https:\/\/rcpeng.com.br\/index.php\/2020\/12\/23\/como-escolher-lampadas-corretamente\/\"> \r\n                                    <img width=\"1280\" height=\"720\" src=\"https:\/\/rcpeng.com.br\/wp-content\/uploads\/2020\/12\/lampadas-halogenas.jpg\" class=\"attachment-post-thumbnail size-post-thumbnail wp-post-image\" alt=\"\" loading=\"lazy\" srcset=\"https:\/\/rcpeng.com.br\/wp-content\/uploads\/2020\/12\/lampadas-halogenas.jpg 1280w, https:\/\/rcpeng.com.br\/wp-content\/uploads\/2020\/12\/lampadas-halogenas-300x169.jpg 300w, https:\/\/rcpeng.com.br\/wp-content\/uploads\/2020\/12\/lampadas-halogenas-1024x576.jpg 1024w, https:\/\/rcpeng.com.br\/wp-content\/uploads\/2020\/12\/lampadas-halogenas-768x432.jpg 768w\" sizes=\"(max-width: 1280px) 100vw, 1280px\" \/>                                            \r\n                                                                                 <div class=\"cat-post\">\r\n                                                Sem categoria                                            <\/div>\r\n                                                                    <\/a>\r\n                                                                \r\n                                <div class=\"excerpt-box\">\r\n                                    <a href=\"https:\/\/rcpeng.com.br\/index.php\/2020\/12\/23\/como-escolher-lampadas-corretamente\/\"><h3>Como escolher l\u00e2mpadas corretamente<\/h3><\/a>\r\n                                    \r\n                                                                        <ul class=\"post-meta\">\r\n                                        <li><i class=\"fa fa-user\"><\/i> <a href=\"https:\/\/rcpeng.com.br\/index.php\/author\/rcpeng\/\" title=\"Posts by rcpeng\" rel=\"author\">rcpeng<\/a><\/li>\r\n                                        <li><i class=\"fa fa-clock-o\"><\/i> 23 de December de 2020<\/li>\r\n                                    <\/ul>\r\n                                                                        \r\n                                                                        <p>\r\n                                        1. CONSIDERE A UTILIZA\u00c7\u00c3O DO ESPA\u00c7O Antes de escolher l\u00e2mpadas e lumin\u00e1rias para um ambiente, avalie o prop\u00f3sito, o estilo e o tamanho dele. Dessa forma, ser\u00e1 poss\u00edvel compor uma ilumina\u00e7\u00e3o funcional, que esteja de acordo com as atividades que ser\u00e3o desenvolvidas no c\u00f4modo em quest\u00e3o. A...                                    <\/p>\r\n                                                                        \r\n                                                                        \r\n                                                                            <div class=\"spacing20 clearboth\"><\/div>\r\n                                        <a class=\"content-btn\" href=\"https:\/\/rcpeng.com.br\/index.php\/2020\/12\/23\/como-escolher-lampadas-corretamente\/\">Leia Mais<\/a>\r\n                                                                    <\/div>\r\n                                \r\n                            <\/div>\r\n                            <div class=\"spacing30 clearboth\"><\/div>\r\n                        <\/div>\r\n                        \r\n                         \r\n                        <div class=\"col-md-6\">\r\n                        \t<div class=\"blog-col-inner\">\r\n\t\t\t\t\t\t\t\t                                <a class=\"blog-link-img\" href=\"https:\/\/rcpeng.com.br\/index.php\/2020\/12\/23\/paineis-pre-moldados\/\"> \r\n                                    <img width=\"1236\" height=\"768\" src=\"https:\/\/rcpeng.com.br\/wp-content\/uploads\/2020\/12\/Paineis_Fachada_Betao_-_2.jpg\" class=\"attachment-post-thumbnail size-post-thumbnail wp-post-image\" alt=\"\" loading=\"lazy\" srcset=\"https:\/\/rcpeng.com.br\/wp-content\/uploads\/2020\/12\/Paineis_Fachada_Betao_-_2.jpg 1236w, https:\/\/rcpeng.com.br\/wp-content\/uploads\/2020\/12\/Paineis_Fachada_Betao_-_2-300x186.jpg 300w, https:\/\/rcpeng.com.br\/wp-content\/uploads\/2020\/12\/Paineis_Fachada_Betao_-_2-1024x636.jpg 1024w, https:\/\/rcpeng.com.br\/wp-content\/uploads\/2020\/12\/Paineis_Fachada_Betao_-_2-768x477.jpg 768w\" sizes=\"(max-width: 1236px) 100vw, 1236px\" \/>                                            \r\n                                                                                 <div class=\"cat-post\">\r\n                                                Sem categoria                                            <\/div>\r\n                                                                    <\/a>\r\n                                                                \r\n                                <div class=\"excerpt-box\">\r\n                                    <a href=\"https:\/\/rcpeng.com.br\/index.php\/2020\/12\/23\/paineis-pre-moldados\/\"><h3>Pain\u00e9is Pr\u00e9 Moldados<\/h3><\/a>\r\n                                    \r\n                                                                        <ul class=\"post-meta\">\r\n                                        <li><i class=\"fa fa-user\"><\/i> <a href=\"https:\/\/rcpeng.com.br\/index.php\/author\/rcpeng\/\" title=\"Posts by rcpeng\" rel=\"author\">rcpeng<\/a><\/li>\r\n                                        <li><i class=\"fa fa-clock-o\"><\/i> 23 de December de 2020<\/li>\r\n                                    <\/ul>\r\n                                                                        \r\n                                                                        <p>\r\n                                        Pain\u00e9is pr\u00e9-moldados Uma das tecnologias e inova\u00e7\u00f5es que mais est\u00e3o presentes no mercado, os pain\u00e9is pr\u00e9-moldados s\u00e3o uma forma diferente, din\u00e2mica e \u00e1gil de se fazer paredes e lajes. Eles apresentam resist\u00eancia e durabilidade muito acima das superestruturas de concreto comuns na constru?...                                    <\/p>\r\n                                                                        \r\n                                                                        \r\n                                                                            <div class=\"spacing20 clearboth\"><\/div>\r\n                                        <a class=\"content-btn\" href=\"https:\/\/rcpeng.com.br\/index.php\/2020\/12\/23\/paineis-pre-moldados\/\">Leia Mais<\/a>\r\n                                                                    <\/div>\r\n                                \r\n                            <\/div>\r\n                            <div class=\"spacing30 clearboth\"><\/div>\r\n                        <\/div>\r\n                        \r\n                         \r\n                        <div class=\"col-md-6\">\r\n                        \t<div class=\"blog-col-inner\">\r\n\t\t\t\t\t\t\t\t                                <a class=\"blog-link-img\" href=\"https:\/\/rcpeng.com.br\/index.php\/2020\/12\/23\/qual-e-a-melhor-altura-para-tomadas\/\"> \r\n                                    <img width=\"1150\" height=\"519\" src=\"https:\/\/rcpeng.com.br\/wp-content\/uploads\/2020\/12\/tomadas-de-10e-20a.jpg\" class=\"attachment-post-thumbnail size-post-thumbnail wp-post-image\" alt=\"\" loading=\"lazy\" srcset=\"https:\/\/rcpeng.com.br\/wp-content\/uploads\/2020\/12\/tomadas-de-10e-20a.jpg 1150w, https:\/\/rcpeng.com.br\/wp-content\/uploads\/2020\/12\/tomadas-de-10e-20a-300x135.jpg 300w, https:\/\/rcpeng.com.br\/wp-content\/uploads\/2020\/12\/tomadas-de-10e-20a-1024x462.jpg 1024w, https:\/\/rcpeng.com.br\/wp-content\/uploads\/2020\/12\/tomadas-de-10e-20a-768x347.jpg 768w\" sizes=\"(max-width: 1150px) 100vw, 1150px\" \/>                                            \r\n                                                                                 <div class=\"cat-post\">\r\n                                                Sem categoria                                            <\/div>\r\n                                                                    <\/a>\r\n                                                                \r\n                                <div class=\"excerpt-box\">\r\n                                    <a href=\"https:\/\/rcpeng.com.br\/index.php\/2020\/12\/23\/qual-e-a-melhor-altura-para-tomadas\/\"><h3>Qual \u00e9 a melhor altura para tomadas?<\/h3><\/a>\r\n                                    \r\n                                                                        <ul class=\"post-meta\">\r\n                                        <li><i class=\"fa fa-user\"><\/i> <a href=\"https:\/\/rcpeng.com.br\/index.php\/author\/rcpeng\/\" title=\"Posts by rcpeng\" rel=\"author\">rcpeng<\/a><\/li>\r\n                                        <li><i class=\"fa fa-clock-o\"><\/i> 23 de December de 2020<\/li>\r\n                                    <\/ul>\r\n                                                                        \r\n                                                                        <p>\r\n                                        Na hora de projetar os ambientes todo profissional segue medidas e normas pr\u00e9 estabelecias para cada tipo de servi\u00e7o. \u2800 Para altura de tomadas e interruptores n\u00e3o \u00e9 diferente ,nos respaldamos na NBR 5410, onde esta define par\u00e2metros de altura e o posicionamento correto dos elementos. \u2800 Cons...                                    <\/p>\r\n                                                                        \r\n                                                                        \r\n                                                                            <div class=\"spacing20 clearboth\"><\/div>\r\n                                        <a class=\"content-btn\" href=\"https:\/\/rcpeng.com.br\/index.php\/2020\/12\/23\/qual-e-a-melhor-altura-para-tomadas\/\">Leia Mais<\/a>\r\n                                                                    <\/div>\r\n                                \r\n                            <\/div>\r\n                            <div class=\"spacing30 clearboth\"><\/div>\r\n                        <\/div>\r\n                        \r\n                                           <\/div> \r\n                   \r\n                   <!--pagination--> \r\n                   \t\t<\/div>\n\t\t\t\t<\/div>\n\t\t\t\t\t\t<\/div>\n\t\t\t\t\t<\/div>\n\t\t<\/div>\n\t\t\t\t\t\t\t\t<\/div>\n\t\t\t\t\t<\/div>\n\t\t<\/section>\n\t\t\t\t\t\t<\/div>\n\t\t\t\t\t\t<\/div>\n\t\t\t\t\t<\/div>\n\t\t","protected":false},"excerpt":{"rendered":"<p>Transformed in his bed Uncategorized Breath of that universal Politics Initial into the belt News Their separate existence Magazine It va esser tam simplic quam Politics Window at the dull weather News Uncategorized Transformed in his bed admin February 26, 2018 Dreams, he found himself transformed in his bed into a horrible vermin. He lay on his armour-like back, and &hellip;<\/p>\n","protected":false},"author":1,"featured_media":0,"parent":0,"menu_order":0,"comment_status":"closed","ping_status":"closed","template":"blank-builder.php","meta":[],"_links":{"self":[{"href":"https:\/\/rcpeng.com.br\/index.php\/wp-json\/wp\/v2\/pages\/657"}],"collection":[{"href":"https:\/\/rcpeng.com.br\/index.php\/wp-json\/wp\/v2\/pages"}],"about":[{"href":"https:\/\/rcpeng.com.br\/index.php\/wp-json\/wp\/v2\/types\/page"}],"author":[{"embeddable":true,"href":"https:\/\/rcpeng.com.br\/index.php\/wp-json\/wp\/v2\/users\/1"}],"replies":[{"embeddable":true,"href":"https:\/\/rcpeng.com.br\/index.php\/wp-json\/wp\/v2\/comments?post=657"}],"version-history":[{"count":14,"href":"https:\/\/rcpeng.com.br\/index.php\/wp-json\/wp\/v2\/pages\/657\/revisions"}],"predecessor-version":[{"id":1147,"href":"https:\/\/rcpeng.com.br\/index.php\/wp-json\/wp\/v2\/pages\/657\/revisions\/1147"}],"wp:attachment":[{"href":"https:\/\/rcpeng.com.br\/index.php\/wp-json\/wp\/v2\/media?parent=657"}],"curies":[{"name":"wp","href":"https:\/\/api.w.org\/{rel}","templated":true}]}}