{"id":667,"date":"2018-02-26T01:33:56","date_gmt":"2018-02-26T01:33:56","guid":{"rendered":"http:\/\/theme.ridianur.com\/hampoz\/?page_id=667"},"modified":"2020-12-23T01:18:08","modified_gmt":"2020-12-23T04:18:08","slug":"blog-slider-two","status":"publish","type":"page","link":"https:\/\/rcpeng.com.br\/index.php\/blog-slider-two\/","title":{"rendered":"Blog Slider Two"},"content":{"rendered":"\t\t<div data-elementor-type=\"wp-page\" data-elementor-id=\"667\" class=\"elementor elementor-667 elementor-bc-flex-widget\" data-elementor-settings=\"[]\">\n\t\t\t\t\t\t<div class=\"elementor-inner\">\n\t\t\t\t\t\t\t<div class=\"elementor-section-wrap\">\n\t\t\t\t\t\t\t<section class=\"elementor-section elementor-top-section elementor-element elementor-element-064e154 elementor-section-boxed elementor-section-height-default elementor-section-height-default\" data-id=\"064e154\" data-element_type=\"section\">\n\t\t\t\t\t\t<div class=\"elementor-container elementor-column-gap-wider\">\n\t\t\t\t\t\t\t<div class=\"elementor-row\">\n\t\t\t\t\t<div class=\"elementor-column elementor-col-100 elementor-top-column elementor-element elementor-element-bf2a966\" data-id=\"bf2a966\" data-element_type=\"column\">\n\t\t\t<div class=\"elementor-column-wrap elementor-element-populated\">\n\t\t\t\t\t\t\t<div class=\"elementor-widget-wrap\">\n\t\t\t\t\t\t<div class=\"elementor-element elementor-element-b47f226 elementor-widget elementor-widget-hampoz-post-slider\" data-id=\"b47f226\" data-element_type=\"widget\" data-settings=\"{&quot;show_desktop&quot;:1,&quot;show_tablet&quot;:1,&quot;slider_speed&quot;:5000,&quot;show_mobile&quot;:1}\" data-widget_type=\"hampoz-post-slider.default\">\n\t\t\t\t<div class=\"elementor-widget-container\">\n\t\t\t        \t\t\t<div class=\"post-slider slider blog-post-list clearfix\" \r\n                    data-slide=\"1\" data-slide-tablet=\"1\"\r\n                    data-slide-mobile=\"1\"\r\n                    data-slick='{\"autoplaySpeed\": 5000}'>\r\n                         \r\n                        <div class=\"slide\">\r\n                        \r\n                        \t<div class=\"blog-col-inner\">\r\n                            \r\n                            \t                                 <a class=\"blog-link-img blog-with-box blog-imgbg\" href=\"https:\/\/rcpeng.com.br\/index.php\/2020\/12\/23\/como-escolher-lampadas-corretamente\/\" style=\"background-image:url(https:\/\/rcpeng.com.br\/wp-content\/uploads\/2020\/12\/lampadas-halogenas.jpg)\">\r\n                                 \r\n                                                                  <div class=\"blogmask\"><\/div>\r\n                                     <div class=\"hampoz-blog-box\">\r\n                                         <div class=\"hampoz-blog-inner\">\r\n                                             <h3>Como escolher l\u00e2mpadas corretamente<\/h3>\r\n                                             \r\n                                             \r\n                                            \r\n                                                                                        <ul class=\"post-meta-box\">\r\n                                                <li><i class=\"fa fa-user\"><\/i> rcpeng<\/li>\r\n                                                <li><i class=\"fa fa-clock-o\"><\/i> 23 de December de 2020<\/li>\r\n                                            <\/ul>\r\n                                                                                        \r\n                                                                                    <\/div>\r\n                                    <\/div>\r\n                                \r\n                                <\/a>\r\n                                \r\n                            <\/div>   \r\n                        <\/div>\r\n                        \r\n                         \r\n                        <div class=\"slide\">\r\n                        \r\n                        \t<div class=\"blog-col-inner\">\r\n                            \r\n                            \t                                 <a class=\"blog-link-img blog-with-box blog-imgbg\" href=\"https:\/\/rcpeng.com.br\/index.php\/2020\/12\/23\/paineis-pre-moldados\/\" style=\"background-image:url(https:\/\/rcpeng.com.br\/wp-content\/uploads\/2020\/12\/Paineis_Fachada_Betao_-_2.jpg)\">\r\n                                 \r\n                                                                  <div class=\"blogmask\"><\/div>\r\n                                     <div class=\"hampoz-blog-box\">\r\n                                         <div class=\"hampoz-blog-inner\">\r\n                                             <h3>Pain\u00e9is Pr\u00e9 Moldados<\/h3>\r\n                                             \r\n                                             \r\n                                            \r\n                                                                                        <ul class=\"post-meta-box\">\r\n                                                <li><i class=\"fa fa-user\"><\/i> rcpeng<\/li>\r\n                                                <li><i class=\"fa fa-clock-o\"><\/i> 23 de December de 2020<\/li>\r\n                                            <\/ul>\r\n                                                                                        \r\n                                                                                    <\/div>\r\n                                    <\/div>\r\n                                \r\n                                <\/a>\r\n                                \r\n                            <\/div>   \r\n                        <\/div>\r\n                        \r\n                         \r\n                        <div class=\"slide\">\r\n                        \r\n                        \t<div class=\"blog-col-inner\">\r\n                            \r\n                            \t                                 <a class=\"blog-link-img blog-with-box blog-imgbg\" href=\"https:\/\/rcpeng.com.br\/index.php\/2020\/12\/23\/qual-e-a-melhor-altura-para-tomadas\/\" style=\"background-image:url(https:\/\/rcpeng.com.br\/wp-content\/uploads\/2020\/12\/tomadas-de-10e-20a.jpg)\">\r\n                                 \r\n                                                                  <div class=\"blogmask\"><\/div>\r\n                                     <div class=\"hampoz-blog-box\">\r\n                                         <div class=\"hampoz-blog-inner\">\r\n                                             <h3>Qual \u00e9 a melhor altura para tomadas?<\/h3>\r\n                                             \r\n                                             \r\n                                            \r\n                                                                                        <ul class=\"post-meta-box\">\r\n                                                <li><i class=\"fa fa-user\"><\/i> rcpeng<\/li>\r\n                                                <li><i class=\"fa fa-clock-o\"><\/i> 23 de December de 2020<\/li>\r\n                                            <\/ul>\r\n                                                                                        \r\n                                                                                    <\/div>\r\n                                    <\/div>\r\n                                \r\n                                <\/a>\r\n                                \r\n                            <\/div>   \r\n                        <\/div>\r\n                        \r\n                                           <\/div> \r\n                   \r\n                   \t\t<\/div>\n\t\t\t\t<\/div>\n\t\t\t\t\t\t<\/div>\n\t\t\t\t\t<\/div>\n\t\t<\/div>\n\t\t\t\t\t\t\t\t<\/div>\n\t\t\t\t\t<\/div>\n\t\t<\/section>\n\t\t\t\t<section class=\"elementor-section elementor-top-section elementor-element elementor-element-6ef9cc0 elementor-section-boxed elementor-section-height-default elementor-section-height-default\" data-id=\"6ef9cc0\" data-element_type=\"section\">\n\t\t\t\t\t\t<div class=\"elementor-container elementor-column-gap-wider\">\n\t\t\t\t\t\t\t<div class=\"elementor-row\">\n\t\t\t\t\t<div class=\"elementor-column elementor-col-100 elementor-top-column elementor-element elementor-element-4b9182b\" data-id=\"4b9182b\" data-element_type=\"column\">\n\t\t\t<div class=\"elementor-column-wrap elementor-element-populated\">\n\t\t\t\t\t\t\t<div class=\"elementor-widget-wrap\">\n\t\t\t\t\t\t<div class=\"elementor-element elementor-element-b2cc465 elementor-widget elementor-widget-hampoz-post-four\" data-id=\"b2cc465\" data-element_type=\"widget\" data-widget_type=\"hampoz-post-four.default\">\n\t\t\t\t<div class=\"elementor-widget-container\">\n\t\t\t        \t\t\t<div class=\"blog-post-list row clearfix blog-body\">\r\n                         \r\n                        <div class=\"col-md-4\">\r\n                        \t<div class=\"blog-col-inner\">\r\n\t\t\t\t\t\t\t\t\r\n                                <!--if post is standard-->\r\n\t\t\t\t\t\t\t \t\t\t\t\t\t\t \t\t\t\t\t\t\t\t<img width=\"1280\" height=\"720\" src=\"https:\/\/rcpeng.com.br\/wp-content\/uploads\/2020\/12\/lampadas-halogenas.jpg\" class=\"full-size-img wp-post-image\" alt=\"\" loading=\"lazy\" srcset=\"https:\/\/rcpeng.com.br\/wp-content\/uploads\/2020\/12\/lampadas-halogenas.jpg 1280w, https:\/\/rcpeng.com.br\/wp-content\/uploads\/2020\/12\/lampadas-halogenas-300x169.jpg 300w, https:\/\/rcpeng.com.br\/wp-content\/uploads\/2020\/12\/lampadas-halogenas-1024x576.jpg 1024w, https:\/\/rcpeng.com.br\/wp-content\/uploads\/2020\/12\/lampadas-halogenas-768x432.jpg 768w\" sizes=\"(max-width: 1280px) 100vw, 1280px\" \/>\t\t\t\t\t\t\t\t<!--if post is gallery-->\r\n\t\t\t\t\t\t\t\t                                \r\n                                <div class=\"excerpt-box\">\r\n                                    <a href=\"https:\/\/rcpeng.com.br\/index.php\/2020\/12\/23\/como-escolher-lampadas-corretamente\/\"><h3>Como escolher l\u00e2mpadas corretamente<\/h3><\/a>\r\n                                    \r\n                                    \r\n                                                                        <ul class=\"post-meta\">\r\n                                    \r\n                                    \t \r\n                                                <li class=\"postarch\"><i class=\"fa fa-clone\"><\/i> <a href=\"https:\/\/rcpeng.com.br\/index.php\/category\/sem-categoria\/\" rel=\"category tag\">Sem categoria<\/a><\/li>\r\n                                                                                    \r\n                                                                                \t<li><i class=\"fa fa-user\"><\/i> <a href=\"https:\/\/rcpeng.com.br\/index.php\/author\/rcpeng\/\" title=\"Posts by rcpeng\" rel=\"author\">rcpeng<\/a><\/li>\r\n                                                                                \r\n                                                                                \t<li><i class=\"fa fa-clock-o\"><\/i> 23 de December de 2020<\/li>\r\n                                                                            <\/ul>\r\n                                                                        \r\n                                    \r\n                                                                        <p>\r\n                                        1. CONSIDERE A UTILIZA\u00c7\u00c3O DO ESPA\u00c7O Antes de escolher l\u00e2mpadas e lumin\u00e1rias para um ambiente, avalie o prop\u00f3sito, o estilo e o tamanho dele. Des...                                    <\/p>\r\n                                                                        \r\n                                                                        \r\n                                                                            <div class=\"spacing20 clearboth\"><\/div>\r\n                                        <a class=\"content-btn\" href=\"https:\/\/rcpeng.com.br\/index.php\/2020\/12\/23\/como-escolher-lampadas-corretamente\/\">Read More<\/a>\r\n                                        <div class=\"spacing20 clearboth\"><\/div>\r\n                                                                    <\/div>\r\n                                \r\n                            <\/div>\r\n                            <div class=\"spacing30 clearboth\"><\/div>\r\n                        <\/div>\r\n                        \r\n                         \r\n                        <div class=\"col-md-4\">\r\n                        \t<div class=\"blog-col-inner\">\r\n\t\t\t\t\t\t\t\t\r\n                                <!--if post is standard-->\r\n\t\t\t\t\t\t\t \t\t\t\t\t\t\t \t\t\t\t\t\t\t\t<img width=\"1236\" height=\"768\" src=\"https:\/\/rcpeng.com.br\/wp-content\/uploads\/2020\/12\/Paineis_Fachada_Betao_-_2.jpg\" class=\"full-size-img wp-post-image\" alt=\"\" loading=\"lazy\" srcset=\"https:\/\/rcpeng.com.br\/wp-content\/uploads\/2020\/12\/Paineis_Fachada_Betao_-_2.jpg 1236w, https:\/\/rcpeng.com.br\/wp-content\/uploads\/2020\/12\/Paineis_Fachada_Betao_-_2-300x186.jpg 300w, https:\/\/rcpeng.com.br\/wp-content\/uploads\/2020\/12\/Paineis_Fachada_Betao_-_2-1024x636.jpg 1024w, https:\/\/rcpeng.com.br\/wp-content\/uploads\/2020\/12\/Paineis_Fachada_Betao_-_2-768x477.jpg 768w\" sizes=\"(max-width: 1236px) 100vw, 1236px\" \/>\t\t\t\t\t\t\t\t<!--if post is gallery-->\r\n\t\t\t\t\t\t\t\t                                \r\n                                <div class=\"excerpt-box\">\r\n                                    <a href=\"https:\/\/rcpeng.com.br\/index.php\/2020\/12\/23\/paineis-pre-moldados\/\"><h3>Pain\u00e9is Pr\u00e9 Moldados<\/h3><\/a>\r\n                                    \r\n                                    \r\n                                                                        <ul class=\"post-meta\">\r\n                                    \r\n                                    \t \r\n                                                <li class=\"postarch\"><i class=\"fa fa-clone\"><\/i> <a href=\"https:\/\/rcpeng.com.br\/index.php\/category\/sem-categoria\/\" rel=\"category tag\">Sem categoria<\/a><\/li>\r\n                                                                                    \r\n                                                                                \t<li><i class=\"fa fa-user\"><\/i> <a href=\"https:\/\/rcpeng.com.br\/index.php\/author\/rcpeng\/\" title=\"Posts by rcpeng\" rel=\"author\">rcpeng<\/a><\/li>\r\n                                                                                \r\n                                                                                \t<li><i class=\"fa fa-clock-o\"><\/i> 23 de December de 2020<\/li>\r\n                                                                            <\/ul>\r\n                                                                        \r\n                                    \r\n                                                                        <p>\r\n                                        Pain\u00e9is pr\u00e9-moldados Uma das tecnologias e inova\u00e7\u00f5es que mais est\u00e3o presentes no mercado, os pain\u00e9is pr\u00e9-moldados s\u00e3o uma forma diferente, din...                                    <\/p>\r\n                                                                        \r\n                                                                        \r\n                                                                            <div class=\"spacing20 clearboth\"><\/div>\r\n                                        <a class=\"content-btn\" href=\"https:\/\/rcpeng.com.br\/index.php\/2020\/12\/23\/paineis-pre-moldados\/\">Read More<\/a>\r\n                                        <div class=\"spacing20 clearboth\"><\/div>\r\n                                                                    <\/div>\r\n                                \r\n                            <\/div>\r\n                            <div class=\"spacing30 clearboth\"><\/div>\r\n                        <\/div>\r\n                        \r\n                         \r\n                        <div class=\"col-md-4\">\r\n                        \t<div class=\"blog-col-inner\">\r\n\t\t\t\t\t\t\t\t\r\n                                <!--if post is standard-->\r\n\t\t\t\t\t\t\t \t\t\t\t\t\t\t \t\t\t\t\t\t\t\t<img width=\"1150\" height=\"519\" src=\"https:\/\/rcpeng.com.br\/wp-content\/uploads\/2020\/12\/tomadas-de-10e-20a.jpg\" class=\"full-size-img wp-post-image\" alt=\"\" loading=\"lazy\" srcset=\"https:\/\/rcpeng.com.br\/wp-content\/uploads\/2020\/12\/tomadas-de-10e-20a.jpg 1150w, https:\/\/rcpeng.com.br\/wp-content\/uploads\/2020\/12\/tomadas-de-10e-20a-300x135.jpg 300w, https:\/\/rcpeng.com.br\/wp-content\/uploads\/2020\/12\/tomadas-de-10e-20a-1024x462.jpg 1024w, https:\/\/rcpeng.com.br\/wp-content\/uploads\/2020\/12\/tomadas-de-10e-20a-768x347.jpg 768w\" sizes=\"(max-width: 1150px) 100vw, 1150px\" \/>\t\t\t\t\t\t\t\t<!--if post is gallery-->\r\n\t\t\t\t\t\t\t\t                                \r\n                                <div class=\"excerpt-box\">\r\n                                    <a href=\"https:\/\/rcpeng.com.br\/index.php\/2020\/12\/23\/qual-e-a-melhor-altura-para-tomadas\/\"><h3>Qual \u00e9 a melhor altura para tomadas?<\/h3><\/a>\r\n                                    \r\n                                    \r\n                                                                        <ul class=\"post-meta\">\r\n                                    \r\n                                    \t \r\n                                                <li class=\"postarch\"><i class=\"fa fa-clone\"><\/i> <a href=\"https:\/\/rcpeng.com.br\/index.php\/category\/sem-categoria\/\" rel=\"category tag\">Sem categoria<\/a><\/li>\r\n                                                                                    \r\n                                                                                \t<li><i class=\"fa fa-user\"><\/i> <a href=\"https:\/\/rcpeng.com.br\/index.php\/author\/rcpeng\/\" title=\"Posts by rcpeng\" rel=\"author\">rcpeng<\/a><\/li>\r\n                                                                                \r\n                                                                                \t<li><i class=\"fa fa-clock-o\"><\/i> 23 de December de 2020<\/li>\r\n                                                                            <\/ul>\r\n                                                                        \r\n                                    \r\n                                                                        <p>\r\n                                        Na hora de projetar os ambientes todo profissional segue medidas e normas pr\u00e9 estabelecias para cada tipo de servi\u00e7o. \u2800 Para altura de tomadas e i...                                    <\/p>\r\n                                                                        \r\n                                                                        \r\n                                                                            <div class=\"spacing20 clearboth\"><\/div>\r\n                                        <a class=\"content-btn\" href=\"https:\/\/rcpeng.com.br\/index.php\/2020\/12\/23\/qual-e-a-melhor-altura-para-tomadas\/\">Read More<\/a>\r\n                                        <div class=\"spacing20 clearboth\"><\/div>\r\n                                                                    <\/div>\r\n                                \r\n                            <\/div>\r\n                            <div class=\"spacing30 clearboth\"><\/div>\r\n                        <\/div>\r\n                        \r\n                                           <\/div> \r\n                   \r\n                   <!--pagination--> \r\n                   \t\t<\/div>\n\t\t\t\t<\/div>\n\t\t\t\t\t\t<\/div>\n\t\t\t\t\t<\/div>\n\t\t<\/div>\n\t\t\t\t\t\t\t\t<\/div>\n\t\t\t\t\t<\/div>\n\t\t<\/section>\n\t\t\t\t\t\t<\/div>\n\t\t\t\t\t\t<\/div>\n\t\t\t\t\t<\/div>\n\t\t","protected":false},"excerpt":{"rendered":"<p>Transformed in his bed admin February 26, 2018 Breath of that universal admin February 26, 2018 Initial into the belt admin February 26, 2018 Their separate existence admin February 26, 2018 Transformed in his bed Uncategorized admin February 26, 2018 Dreams, he found himself transformed in his bed into a horrible vermin. He lay on his armour-like back, and if &hellip;<\/p>\n","protected":false},"author":1,"featured_media":0,"parent":0,"menu_order":0,"comment_status":"closed","ping_status":"closed","template":"blank-builder.php","meta":[],"_links":{"self":[{"href":"https:\/\/rcpeng.com.br\/index.php\/wp-json\/wp\/v2\/pages\/667"}],"collection":[{"href":"https:\/\/rcpeng.com.br\/index.php\/wp-json\/wp\/v2\/pages"}],"about":[{"href":"https:\/\/rcpeng.com.br\/index.php\/wp-json\/wp\/v2\/types\/page"}],"author":[{"embeddable":true,"href":"https:\/\/rcpeng.com.br\/index.php\/wp-json\/wp\/v2\/users\/1"}],"replies":[{"embeddable":true,"href":"https:\/\/rcpeng.com.br\/index.php\/wp-json\/wp\/v2\/comments?post=667"}],"version-history":[{"count":2,"href":"https:\/\/rcpeng.com.br\/index.php\/wp-json\/wp\/v2\/pages\/667\/revisions"}],"predecessor-version":[{"id":1052,"href":"https:\/\/rcpeng.com.br\/index.php\/wp-json\/wp\/v2\/pages\/667\/revisions\/1052"}],"wp:attachment":[{"href":"https:\/\/rcpeng.com.br\/index.php\/wp-json\/wp\/v2\/media?parent=667"}],"curies":[{"name":"wp","href":"https:\/\/api.w.org\/{rel}","templated":true}]}}